{"id":288,"date":"2024-06-20T10:40:05","date_gmt":"2024-06-20T08:40:05","guid":{"rendered":"https:\/\/alture.io\/?page_id=288"},"modified":"2024-12-10T12:30:21","modified_gmt":"2024-12-10T11:30:21","slug":"about","status":"publish","type":"page","link":"https:\/\/alture.io\/cs\/about\/","title":{"rendered":"O n\u00e1s"},"content":{"rendered":"<div data-elementor-type=\"wp-page\" data-elementor-id=\"288\" class=\"elementor elementor-288\" data-elementor-settings=\"{&quot;ha_cmc_init_switcher&quot;:&quot;no&quot;}\" data-elementor-post-type=\"page\">\n\t\t\t\t<div class=\"elementor-element elementor-element-433bc27 e-flex e-con-boxed e-con e-parent\" data-id=\"433bc27\" data-element_type=\"container\" data-settings=\"{&quot;background_background&quot;:&quot;classic&quot;,&quot;_ha_eqh_enable&quot;:false}\">\n\t\t\t\t\t<div class=\"e-con-inner\">\n\t\t<div class=\"elementor-element elementor-element-ccfa7c3 e-flex e-con-boxed e-con e-child\" data-id=\"ccfa7c3\" data-element_type=\"container\" data-settings=\"{&quot;_ha_eqh_enable&quot;:false}\">\n\t\t\t\t\t<div class=\"e-con-inner\">\n\t\t\t\t<div class=\"elementor-element elementor-element-0f893b1 elementor-widget elementor-widget-heading\" data-id=\"0f893b1\" data-element_type=\"widget\" data-widget_type=\"heading.default\">\n\t\t\t\t<div class=\"elementor-widget-container\">\n\t\t\t\t\t<h2 class=\"elementor-heading-title elementor-size-default\">Poznejte n\u00e1s<\/h2>\t\t\t\t<\/div>\n\t\t\t\t<\/div>\n\t\t\t\t<div class=\"elementor-element elementor-element-4cd08d6 elementor-widget elementor-widget-heading\" data-id=\"4cd08d6\" data-element_type=\"widget\" data-widget_type=\"heading.default\">\n\t\t\t\t<div class=\"elementor-widget-container\">\n\t\t\t\t\t<h2 class=\"elementor-heading-title elementor-size-default\">O n\u00e1s<\/h2>\t\t\t\t<\/div>\n\t\t\t\t<\/div>\n\t\t\t\t<div class=\"elementor-element elementor-element-2af557b elementor-widget elementor-widget-text-editor\" data-id=\"2af557b\" data-element_type=\"widget\" data-widget_type=\"text-editor.default\">\n\t\t\t\t<div class=\"elementor-widget-container\">\n\t\t\t\t\t\t\t\t\t<p>V\u011b\u0159\u00edme, \u017ee technologie by se m\u011bla p\u0159izp\u016fsobovat lidem, a ne naopak.<\/p><p>Proto jsme si stanovili c\u00edl: udr\u017eiteln\u00e1 a jednoduch\u00e1 \u0159e\u0161en\u00ed pro z\u00e1kazn\u00edky i zam\u011bstnance!<\/p>\t\t\t\t\t\t\t\t<\/div>\n\t\t\t\t<\/div>\n\t\t\t\t\t<\/div>\n\t\t\t\t<\/div>\n\t\t\t\t\t<\/div>\n\t\t\t\t<\/div>\n\t\t<div class=\"elementor-element elementor-element-d0f452f e-flex e-con-boxed e-con e-parent\" data-id=\"d0f452f\" data-element_type=\"container\" data-settings=\"{&quot;_ha_eqh_enable&quot;:false}\">\n\t\t\t\t\t<div class=\"e-con-inner\">\n\t\t<div class=\"elementor-element elementor-element-343c3e2 e-con-full e-flex e-con e-child\" data-id=\"343c3e2\" data-element_type=\"container\" data-settings=\"{&quot;_ha_eqh_enable&quot;:false}\">\n\t\t<div class=\"elementor-element elementor-element-41d3edd e-con-full e-flex e-con e-child\" data-id=\"41d3edd\" data-element_type=\"container\" data-settings=\"{&quot;_ha_eqh_enable&quot;:false}\">\n\t\t\t\t<div class=\"elementor-element elementor-element-6089555 elementor-widget elementor-widget-heading\" data-id=\"6089555\" data-element_type=\"widget\" data-widget_type=\"heading.default\">\n\t\t\t\t<div class=\"elementor-widget-container\">\n\t\t\t\t\t<h2 class=\"elementor-heading-title elementor-size-default\">Kdo jsme<\/h2>\t\t\t\t<\/div>\n\t\t\t\t<\/div>\n\t\t\t\t<div class=\"elementor-element elementor-element-b64d8d8 elementor-widget elementor-widget-text-editor\" data-id=\"b64d8d8\" data-element_type=\"widget\" data-widget_type=\"text-editor.default\">\n\t\t\t\t<div class=\"elementor-widget-container\">\n\t\t\t\t\t\t\t\t\t<p>Jsme mlad\u00e1 a dynamick\u00e1 spole\u010dnost specializuj\u00edc\u00ed se na v\u00fdvoj softwaru a webov\u00fd design. Na\u0161\u00edm c\u00edlem je vytv\u00e1\u0159et inovativn\u00ed \u0159e\u0161en\u00ed, kter\u00e1 odpov\u00eddaj\u00ed nejnov\u011bj\u0161\u00edm technologi\u00edm.<\/p><p>Alture znamen\u00e1 dosahov\u00e1n\u00ed v\u00fd\u0161in a p\u0159ekra\u010dov\u00e1n\u00ed hranic s c\u00edlem vytv\u00e1\u0159et jedine\u010dn\u00e9 digit\u00e1ln\u00ed produkty a webov\u00e9 str\u00e1nky, kter\u00e9 na\u0161e klienty nadchnou. Vid\u00edme se jako zku\u0161en\u00ed horolezci, kte\u0159\u00ed odv\u00e1\u017en\u011b zdol\u00e1vaj\u00ed nov\u00e9 vrcholy, aby na\u0161im z\u00e1kazn\u00edk\u016fm nab\u00eddli nejvy\u0161\u0161\u00ed \u00farove\u0148 kvality a spolehlivosti. S na\u0161imi zku\u0161enostmi a t\u00fdmov\u00fdm duchem v\u00e1s bezpe\u010dn\u011b dovedeme na vrchol \u00fasp\u011bchu.<\/p>\t\t\t\t\t\t\t\t<\/div>\n\t\t\t\t<\/div>\n\t\t\t\t<\/div>\n\t\t<div class=\"elementor-element elementor-element-d2b5924 e-con-full e-flex e-con e-child\" data-id=\"d2b5924\" data-element_type=\"container\" data-settings=\"{&quot;background_background&quot;:&quot;classic&quot;,&quot;_ha_eqh_enable&quot;:false}\">\n\t\t\t\t<\/div>\n\t\t\t\t<\/div>\n\t\t<div class=\"elementor-element elementor-element-203cd86 e-con-full e-flex e-con e-child\" data-id=\"203cd86\" data-element_type=\"container\" data-settings=\"{&quot;_ha_eqh_enable&quot;:false}\">\n\t\t<div class=\"elementor-element elementor-element-9b44b59 e-con-full e-flex e-con e-child\" data-id=\"9b44b59\" data-element_type=\"container\" data-settings=\"{&quot;_ha_eqh_enable&quot;:false}\">\n\t\t\t\t<div class=\"elementor-element elementor-element-eaeef0a elementor-widget elementor-widget-heading\" data-id=\"eaeef0a\" data-element_type=\"widget\" data-widget_type=\"heading.default\">\n\t\t\t\t<div class=\"elementor-widget-container\">\n\t\t\t\t\t<h2 class=\"elementor-heading-title elementor-size-default\">Na\u0161e filozofie<\/h2>\t\t\t\t<\/div>\n\t\t\t\t<\/div>\n\t\t\t\t<div class=\"elementor-element elementor-element-a0532da elementor-widget elementor-widget-text-editor\" data-id=\"a0532da\" data-element_type=\"widget\" data-widget_type=\"text-editor.default\">\n\t\t\t\t<div class=\"elementor-widget-container\">\n\t\t\t\t\t\t\t\t\t<p>Filozofie na\u0161\u00ed zna\u010dky stoj\u00ed na t\u0159ech hlavn\u00edch principech: bl\u00edzkost k z\u00e1kazn\u00edk\u016fm, kvalita a spolehliv\u00fd servis. Kl\u00ed\u010dovou roli hraje \u00fazk\u00e1 spolupr\u00e1ce se z\u00e1kazn\u00edky, kter\u00e1 n\u00e1m umo\u017e\u0148uje pln\u011b pochopit jejich pot\u0159eby a po\u017eadavky a nab\u00eddnout jim \u0159e\u0161en\u00ed na m\u00edru<\/p><p>usilujeme o nejvy\u0161\u0161\u00ed kvalitu, abychom dodali produkty, kter\u00e9 jsou atraktivn\u00ed, funk\u010dn\u00ed a u\u017eivatelsky p\u0159\u00edv\u011btiv\u00e9. Na\u0161\u00edm c\u00edlem je poskytovat spolehliv\u00fd servis zalo\u017een\u00fd na d\u016fv\u011b\u0159e a dlouhodob\u00e9m partnerstv\u00ed, kter\u00fd zajist\u00ed vz\u00e1jemn\u00fd \u00fasp\u011bch. Jako inovativn\u00ed spole\u010dnost se sna\u017e\u00edme posouvat hranice technologi\u00ed a poskytovat na\u0161im z\u00e1kazn\u00edk\u016fm transforma\u010dn\u00ed digit\u00e1ln\u00ed \u0159e\u0161en\u00ed, kter\u00e1 podpo\u0159\u00ed jejich podnik\u00e1n\u00ed a p\u0159ed\u010d\u00ed jejich c\u00edle.<\/p>\t\t\t\t\t\t\t\t<\/div>\n\t\t\t\t<\/div>\n\t\t\t\t<\/div>\n\t\t<div class=\"elementor-element elementor-element-33b190f e-con-full e-flex e-con e-child\" data-id=\"33b190f\" data-element_type=\"container\" data-settings=\"{&quot;background_background&quot;:&quot;classic&quot;,&quot;_ha_eqh_enable&quot;:false}\">\n\t\t\t\t<\/div>\n\t\t\t\t<\/div>\n\t\t<div class=\"elementor-element elementor-element-ea81334 e-con-full e-flex e-con e-child\" data-id=\"ea81334\" data-element_type=\"container\" data-settings=\"{&quot;_ha_eqh_enable&quot;:false}\">\n\t\t<div class=\"elementor-element elementor-element-d53afa0 e-con-full e-flex e-con e-child\" data-id=\"d53afa0\" data-element_type=\"container\" data-settings=\"{&quot;background_background&quot;:&quot;classic&quot;,&quot;_ha_eqh_enable&quot;:false}\">\n\t\t\t\t<div class=\"elementor-element elementor-element-88cfec7 elementor-widget elementor-widget-counter\" data-id=\"88cfec7\" data-element_type=\"widget\" data-widget_type=\"counter.default\">\n\t\t\t\t<div class=\"elementor-widget-container\">\n\t\t\t\t\t\t\t<div class=\"elementor-counter\">\n\t\t\t<div class=\"elementor-counter-title\">days since founding<\/div>\t\t\t<div class=\"elementor-counter-number-wrapper\">\n\t\t\t\t<span class=\"elementor-counter-number-prefix\"><\/span>\n\t\t\t\t<span class=\"elementor-counter-number\" data-duration=\"2000\" data-to-value=\"968\" data-from-value=\"0\">0<\/span>\n\t\t\t\t<span class=\"elementor-counter-number-suffix\"><\/span>\n\t\t\t<\/div>\n\t\t<\/div>\n\t\t\t\t\t\t<\/div>\n\t\t\t\t<\/div>\n\t\t\t\t<\/div>\n\t\t<div class=\"elementor-element elementor-element-84ebb59 e-con-full e-flex e-con e-child\" data-id=\"84ebb59\" data-element_type=\"container\" data-settings=\"{&quot;background_background&quot;:&quot;classic&quot;,&quot;_ha_eqh_enable&quot;:false}\">\n\t\t\t\t<div class=\"elementor-element elementor-element-0a3f9cd elementor-widget elementor-widget-counter\" data-id=\"0a3f9cd\" data-element_type=\"widget\" data-widget_type=\"counter.default\">\n\t\t\t\t<div class=\"elementor-widget-container\">\n\t\t\t\t\t\t\t<div class=\"elementor-counter\">\n\t\t\t<div class=\"elementor-counter-title\">coffee &amp; tea flavours<\/div>\t\t\t<div class=\"elementor-counter-number-wrapper\">\n\t\t\t\t<span class=\"elementor-counter-number-prefix\"><\/span>\n\t\t\t\t<span class=\"elementor-counter-number\" data-duration=\"2000\" data-to-value=\"28\" data-from-value=\"0\" data-delimiter=\",\">0<\/span>\n\t\t\t\t<span class=\"elementor-counter-number-suffix\"><\/span>\n\t\t\t<\/div>\n\t\t<\/div>\n\t\t\t\t\t\t<\/div>\n\t\t\t\t<\/div>\n\t\t\t\t<\/div>\n\t\t<div class=\"elementor-element elementor-element-a319446 e-con-full e-flex e-con e-child\" data-id=\"a319446\" data-element_type=\"container\" data-settings=\"{&quot;background_background&quot;:&quot;classic&quot;,&quot;_ha_eqh_enable&quot;:false}\">\n\t\t\t\t<div class=\"elementor-element elementor-element-c195c59 elementor-widget elementor-widget-counter\" data-id=\"c195c59\" data-element_type=\"widget\" data-widget_type=\"counter.default\">\n\t\t\t\t<div class=\"elementor-widget-container\">\n\t\t\t\t\t\t\t<div class=\"elementor-counter\">\n\t\t\t<div class=\"elementor-counter-title\">pets<\/div>\t\t\t<div class=\"elementor-counter-number-wrapper\">\n\t\t\t\t<span class=\"elementor-counter-number-prefix\"><\/span>\n\t\t\t\t<span class=\"elementor-counter-number\" data-duration=\"2000\" data-to-value=\"6\" data-from-value=\"0\" data-delimiter=\",\">0<\/span>\n\t\t\t\t<span class=\"elementor-counter-number-suffix\"><\/span>\n\t\t\t<\/div>\n\t\t<\/div>\n\t\t\t\t\t\t<\/div>\n\t\t\t\t<\/div>\n\t\t\t\t<\/div>\n\t\t\t\t<\/div>\n\t\t\t\t\t<\/div>\n\t\t\t\t<\/div>\n\t\t\t\t<\/div>","protected":false},"excerpt":{"rendered":"<p>get to know us About Us We believe that technology should adapt to people and not the other way around. That&#8217;s why we have set ourselves the goal: sustainable and uncomplicated solutions for customers and employees! Who we are We are a young and up-and-coming company specializing in software development and web design. We are [&hellip;]<\/p>","protected":false},"author":2,"featured_media":0,"parent":0,"menu_order":0,"comment_status":"closed","ping_status":"closed","template":"","meta":{"_acf_changed":false,"footnotes":""},"class_list":["post-288","page","type-page","status-publish","hentry"],"acf":[],"yoast_head":"<!-- This site is optimized with the Yoast SEO plugin v24.9 - https:\/\/yoast.com\/wordpress\/plugins\/seo\/ -->\n<title>About - Alture<\/title>\n<meta name=\"robots\" content=\"index, follow, max-snippet:-1, max-image-preview:large, max-video-preview:-1\" \/>\n<link rel=\"canonical\" href=\"https:\/\/alture.io\/cs\/about\/\" \/>\n<meta property=\"og:locale\" content=\"cs_CZ\" \/>\n<meta property=\"og:type\" content=\"article\" \/>\n<meta property=\"og:title\" content=\"About - Alture\" \/>\n<meta property=\"og:description\" content=\"get to know us About Us We believe that technology should adapt to people and not the other way around. That&#8217;s why we have set ourselves the goal: sustainable and uncomplicated solutions for customers and employees! Who we are We are a young and up-and-coming company specializing in software development and web design. We are [&hellip;]\" \/>\n<meta property=\"og:url\" content=\"https:\/\/alture.io\/cs\/about\/\" \/>\n<meta property=\"og:site_name\" content=\"Alture\" \/>\n<meta property=\"article:modified_time\" content=\"2024-12-10T11:30:21+00:00\" \/>\n<meta property=\"og:image\" content=\"https:\/\/alture.io\/wp-content\/uploads\/2024\/06\/pptx2.png\" \/>\n\t<meta property=\"og:image:width\" content=\"1200\" \/>\n\t<meta property=\"og:image:height\" content=\"800\" \/>\n\t<meta property=\"og:image:type\" content=\"image\/png\" \/>\n<meta name=\"twitter:card\" content=\"summary_large_image\" \/>\n<meta name=\"twitter:label1\" content=\"Odhadovan\u00e1 doba \u010dten\u00ed\" \/>\n\t<meta name=\"twitter:data1\" content=\"2 minuty\" \/>\n<script type=\"application\/ld+json\" class=\"yoast-schema-graph\">{\"@context\":\"https:\/\/schema.org\",\"@graph\":[{\"@type\":\"WebPage\",\"@id\":\"https:\/\/alture.io\/about\/\",\"url\":\"https:\/\/alture.io\/about\/\",\"name\":\"About - Alture\",\"isPartOf\":{\"@id\":\"https:\/\/alture.io\/#website\"},\"datePublished\":\"2024-06-20T08:40:05+00:00\",\"dateModified\":\"2024-12-10T11:30:21+00:00\",\"breadcrumb\":{\"@id\":\"https:\/\/alture.io\/about\/#breadcrumb\"},\"inLanguage\":\"cs\",\"potentialAction\":[{\"@type\":\"ReadAction\",\"target\":[\"https:\/\/alture.io\/about\/\"]}]},{\"@type\":\"BreadcrumbList\",\"@id\":\"https:\/\/alture.io\/about\/#breadcrumb\",\"itemListElement\":[{\"@type\":\"ListItem\",\"position\":1,\"name\":\"Home\",\"item\":\"https:\/\/alture.io\/\"},{\"@type\":\"ListItem\",\"position\":2,\"name\":\"About\"}]},{\"@type\":\"WebSite\",\"@id\":\"https:\/\/alture.io\/#website\",\"url\":\"https:\/\/alture.io\/\",\"name\":\"Alture\",\"description\":\"High on Innovation\",\"publisher\":{\"@id\":\"https:\/\/alture.io\/#organization\"},\"potentialAction\":[{\"@type\":\"SearchAction\",\"target\":{\"@type\":\"EntryPoint\",\"urlTemplate\":\"https:\/\/alture.io\/?s={search_term_string}\"},\"query-input\":{\"@type\":\"PropertyValueSpecification\",\"valueRequired\":true,\"valueName\":\"search_term_string\"}}],\"inLanguage\":\"cs\"},{\"@type\":\"Organization\",\"@id\":\"https:\/\/alture.io\/#organization\",\"name\":\"Alture s.r.o\",\"url\":\"https:\/\/alture.io\/\",\"logo\":{\"@type\":\"ImageObject\",\"inLanguage\":\"cs\",\"@id\":\"https:\/\/alture.io\/#\/schema\/logo\/image\/\",\"url\":\"https:\/\/alture.io\/wp-content\/uploads\/2024\/06\/logo_new.png\",\"contentUrl\":\"https:\/\/alture.io\/wp-content\/uploads\/2024\/06\/logo_new.png\",\"width\":652,\"height\":140,\"caption\":\"Alture s.r.o\"},\"image\":{\"@id\":\"https:\/\/alture.io\/#\/schema\/logo\/image\/\"},\"sameAs\":[\"https:\/\/www.instagram.com\/alture.io\"]}]}<\/script>\n<!-- \/ Yoast SEO plugin. -->","yoast_head_json":{"title":"About - Alture","robots":{"index":"index","follow":"follow","max-snippet":"max-snippet:-1","max-image-preview":"max-image-preview:large","max-video-preview":"max-video-preview:-1"},"canonical":"https:\/\/alture.io\/cs\/about\/","og_locale":"cs_CZ","og_type":"article","og_title":"About - Alture","og_description":"get to know us About Us We believe that technology should adapt to people and not the other way around. That&#8217;s why we have set ourselves the goal: sustainable and uncomplicated solutions for customers and employees! Who we are We are a young and up-and-coming company specializing in software development and web design. We are [&hellip;]","og_url":"https:\/\/alture.io\/cs\/about\/","og_site_name":"Alture","article_modified_time":"2024-12-10T11:30:21+00:00","og_image":[{"width":1200,"height":800,"url":"https:\/\/alture.io\/wp-content\/uploads\/2024\/06\/pptx2.png","type":"image\/png"}],"twitter_card":"summary_large_image","twitter_misc":{"Odhadovan\u00e1 doba \u010dten\u00ed":"2 minuty"},"schema":{"@context":"https:\/\/schema.org","@graph":[{"@type":"WebPage","@id":"https:\/\/alture.io\/about\/","url":"https:\/\/alture.io\/about\/","name":"About - Alture","isPartOf":{"@id":"https:\/\/alture.io\/#website"},"datePublished":"2024-06-20T08:40:05+00:00","dateModified":"2024-12-10T11:30:21+00:00","breadcrumb":{"@id":"https:\/\/alture.io\/about\/#breadcrumb"},"inLanguage":"cs","potentialAction":[{"@type":"ReadAction","target":["https:\/\/alture.io\/about\/"]}]},{"@type":"BreadcrumbList","@id":"https:\/\/alture.io\/about\/#breadcrumb","itemListElement":[{"@type":"ListItem","position":1,"name":"Home","item":"https:\/\/alture.io\/"},{"@type":"ListItem","position":2,"name":"About"}]},{"@type":"WebSite","@id":"https:\/\/alture.io\/#website","url":"https:\/\/alture.io\/","name":"Alture","description":"High on Innovation","publisher":{"@id":"https:\/\/alture.io\/#organization"},"potentialAction":[{"@type":"SearchAction","target":{"@type":"EntryPoint","urlTemplate":"https:\/\/alture.io\/?s={search_term_string}"},"query-input":{"@type":"PropertyValueSpecification","valueRequired":true,"valueName":"search_term_string"}}],"inLanguage":"cs"},{"@type":"Organization","@id":"https:\/\/alture.io\/#organization","name":"Alture s.r.o","url":"https:\/\/alture.io\/","logo":{"@type":"ImageObject","inLanguage":"cs","@id":"https:\/\/alture.io\/#\/schema\/logo\/image\/","url":"https:\/\/alture.io\/wp-content\/uploads\/2024\/06\/logo_new.png","contentUrl":"https:\/\/alture.io\/wp-content\/uploads\/2024\/06\/logo_new.png","width":652,"height":140,"caption":"Alture s.r.o"},"image":{"@id":"https:\/\/alture.io\/#\/schema\/logo\/image\/"},"sameAs":["https:\/\/www.instagram.com\/alture.io"]}]}},"_links":{"self":[{"href":"https:\/\/alture.io\/cs\/wp-json\/wp\/v2\/pages\/288","targetHints":{"allow":["GET"]}}],"collection":[{"href":"https:\/\/alture.io\/cs\/wp-json\/wp\/v2\/pages"}],"about":[{"href":"https:\/\/alture.io\/cs\/wp-json\/wp\/v2\/types\/page"}],"author":[{"embeddable":true,"href":"https:\/\/alture.io\/cs\/wp-json\/wp\/v2\/users\/2"}],"replies":[{"embeddable":true,"href":"https:\/\/alture.io\/cs\/wp-json\/wp\/v2\/comments?post=288"}],"version-history":[{"count":76,"href":"https:\/\/alture.io\/cs\/wp-json\/wp\/v2\/pages\/288\/revisions"}],"predecessor-version":[{"id":4147,"href":"https:\/\/alture.io\/cs\/wp-json\/wp\/v2\/pages\/288\/revisions\/4147"}],"wp:attachment":[{"href":"https:\/\/alture.io\/cs\/wp-json\/wp\/v2\/media?parent=288"}],"curies":[{"name":"wp","href":"https:\/\/api.w.org\/{rel}","templated":true}]}}