{"id":1478,"date":"2024-07-17T22:19:34","date_gmt":"2024-07-17T20:19:34","guid":{"rendered":"https:\/\/alture.io\/?page_id=1478"},"modified":"2024-08-13T13:32:30","modified_gmt":"2024-08-13T11:32:30","slug":"imprint","status":"publish","type":"page","link":"https:\/\/alture.io\/cs\/imprint\/","title":{"rendered":"Imprint"},"content":{"rendered":"<div data-elementor-type=\"wp-page\" data-elementor-id=\"1478\" class=\"elementor elementor-1478\" data-elementor-settings=\"{&quot;ha_cmc_init_switcher&quot;:&quot;no&quot;}\" data-elementor-post-type=\"page\">\n\t\t\t\t<div class=\"elementor-element elementor-element-433bc27 e-flex e-con-boxed e-con e-parent\" data-id=\"433bc27\" data-element_type=\"container\" data-settings=\"{&quot;background_background&quot;:&quot;classic&quot;,&quot;_ha_eqh_enable&quot;:false}\">\n\t\t\t\t\t<div class=\"e-con-inner\">\n\t\t<div class=\"elementor-element elementor-element-ccfa7c3 e-flex e-con-boxed e-con e-child\" data-id=\"ccfa7c3\" data-element_type=\"container\" data-settings=\"{&quot;_ha_eqh_enable&quot;:false}\">\n\t\t\t\t\t<div class=\"e-con-inner\">\n\t\t\t\t<div class=\"elementor-element elementor-element-0f893b1 elementor-widget elementor-widget-heading\" data-id=\"0f893b1\" data-element_type=\"widget\" data-widget_type=\"heading.default\">\n\t\t\t\t<div class=\"elementor-widget-container\">\n\t\t\t\t\t<h2 class=\"elementor-heading-title elementor-size-default\">legal<\/h2>\t\t\t\t<\/div>\n\t\t\t\t<\/div>\n\t\t\t\t<div class=\"elementor-element elementor-element-4cd08d6 elementor-widget elementor-widget-heading\" data-id=\"4cd08d6\" data-element_type=\"widget\" data-widget_type=\"heading.default\">\n\t\t\t\t<div class=\"elementor-widget-container\">\n\t\t\t\t\t<h2 class=\"elementor-heading-title elementor-size-default\">Imprint<\/h2>\t\t\t\t<\/div>\n\t\t\t\t<\/div>\n\t\t\t\t\t<\/div>\n\t\t\t\t<\/div>\n\t\t\t\t\t<\/div>\n\t\t\t\t<\/div>\n\t\t<div class=\"elementor-element elementor-element-d0f452f e-flex e-con-boxed e-con e-parent\" data-id=\"d0f452f\" data-element_type=\"container\" data-settings=\"{&quot;_ha_eqh_enable&quot;:false}\">\n\t\t\t\t\t<div class=\"e-con-inner\">\n\t\t<div class=\"elementor-element elementor-element-dc16f0d e-grid e-con-full e-con e-child\" data-id=\"dc16f0d\" data-element_type=\"container\" data-settings=\"{&quot;_ha_eqh_enable&quot;:false}\">\n\t\t\t\t<div class=\"elementor-element elementor-element-a719cbc elementor-widget elementor-widget-text-editor\" data-id=\"a719cbc\" data-element_type=\"widget\" data-widget_type=\"text-editor.default\">\n\t\t\t\t<div class=\"elementor-widget-container\">\n\t\t\t\t\t\t\t\t\t<p><strong>Alture s.r.o.<br \/><\/strong><br \/>H\u00e1lkova 1406\/2<br \/><span style=\"font-style: inherit; font-weight: inherit; background-color: var(--ast-global-color-8); color: var(--ast-global-color-6);\">120 00 Praha 2<br \/><\/span>\u010cesk\u00e1 republika<\/p><p>Spole\u010dnost je zaps\u00e1na v obchodn\u00edm rejst\u0159\u00edku veden\u00e9m<br \/>M\u011bstsk\u00fdm soudem v Praze pod spisovou zna\u010dkou C 389220.<\/p><p>Mail: <a href=\"mailto:info@alture.io\">info@alture.io<\/a><\/p>\t\t\t\t\t\t\t\t<\/div>\n\t\t\t\t<\/div>\n\t\t\t\t<div class=\"elementor-element elementor-element-df9a067 elementor-widget elementor-widget-text-editor\" data-id=\"df9a067\" data-element_type=\"widget\" data-widget_type=\"text-editor.default\">\n\t\t\t\t<div class=\"elementor-widget-container\">\n\t\t\t\t\t\t\t\t\t<p><strong>CEO<\/strong><br \/>Petra Schiller<\/p><p><strong>I\u010cO<br \/><\/strong>19614721<\/p><p><strong>DI\u010c<br \/><\/strong>CZ19614721<\/p><p><strong>Bankovn\u00ed spojen\u00ed | Bank details<br \/><\/strong>Bank: \u010cSOB<br \/>Account number \/ \u010c\u00edslo \u00fa\u010dtu: 327582874 \/ 0300<br \/>IBAN: CZ64 0300 0000 0003 2758 2874<br \/>BIC\/SWIFT: CEKOCZPP<\/p><p>Bank: Raiffeisen Bank<br \/>Account number \/ \u010c\u00edslo \u00fa\u010dtu: 3173282003\/5500<br \/>IBAN: CZ0455000000003173282003<br \/>BIC\/SWIFT: RZBCCZPP<\/p>\t\t\t\t\t\t\t\t<\/div>\n\t\t\t\t<\/div>\n\t\t\t\t<\/div>\n\t\t\t\t\t<\/div>\n\t\t\t\t<\/div>\n\t\t\t\t<\/div>","protected":false},"excerpt":{"rendered":"<p>legal Imprint Alture s.r.o.H\u00e1lkova 1406\/2120 00 Praha 2\u010cesk\u00e1 republika Spole\u010dnost je zaps\u00e1na v obchodn\u00edm rejst\u0159\u00edku veden\u00e9mM\u011bstsk\u00fdm soudem v Praze pod spisovou zna\u010dkou C 389220. Mail: info@alture.io CEOPetra Schiller I\u010cO19614721 DI\u010cCZ19614721 Bankovn\u00ed spojen\u00ed | Bank detailsBank: \u010cSOBAccount number \/ \u010c\u00edslo \u00fa\u010dtu: 327582874 \/ 0300IBAN: CZ64 0300 0000 0003 2758 2874BIC\/SWIFT: CEKOCZPP Bank: Raiffeisen BankAccount number \/ [&hellip;]<\/p>","protected":false},"author":2,"featured_media":0,"parent":0,"menu_order":0,"comment_status":"closed","ping_status":"closed","template":"","meta":{"_acf_changed":false,"footnotes":""},"class_list":["post-1478","page","type-page","status-publish","hentry"],"acf":[],"yoast_head":"<!-- This site is optimized with the Yoast SEO plugin v24.9 - https:\/\/yoast.com\/wordpress\/plugins\/seo\/ -->\n<title>Imprint - Alture<\/title>\n<meta name=\"robots\" content=\"index, follow, max-snippet:-1, max-image-preview:large, max-video-preview:-1\" \/>\n<link rel=\"canonical\" href=\"https:\/\/alture.io\/cs\/imprint\/\" \/>\n<meta property=\"og:locale\" content=\"cs_CZ\" \/>\n<meta property=\"og:type\" content=\"article\" \/>\n<meta property=\"og:title\" content=\"Imprint - Alture\" \/>\n<meta property=\"og:description\" content=\"legal Imprint Alture s.r.o.H\u00e1lkova 1406\/2120 00 Praha 2\u010cesk\u00e1 republika Spole\u010dnost je zaps\u00e1na v obchodn\u00edm rejst\u0159\u00edku veden\u00e9mM\u011bstsk\u00fdm soudem v Praze pod spisovou zna\u010dkou C 389220. Mail: info@alture.io CEOPetra Schiller I\u010cO19614721 DI\u010cCZ19614721 Bankovn\u00ed spojen\u00ed | Bank detailsBank: \u010cSOBAccount number \/ \u010c\u00edslo \u00fa\u010dtu: 327582874 \/ 0300IBAN: CZ64 0300 0000 0003 2758 2874BIC\/SWIFT: CEKOCZPP Bank: Raiffeisen BankAccount number \/ [&hellip;]\" \/>\n<meta property=\"og:url\" content=\"https:\/\/alture.io\/cs\/imprint\/\" \/>\n<meta property=\"og:site_name\" content=\"Alture\" \/>\n<meta property=\"article:modified_time\" content=\"2024-08-13T11:32:30+00:00\" \/>\n<meta property=\"og:image\" content=\"https:\/\/alture.io\/wp-content\/uploads\/2024\/06\/pptx2.png\" \/>\n\t<meta property=\"og:image:width\" content=\"1200\" \/>\n\t<meta property=\"og:image:height\" content=\"800\" \/>\n\t<meta property=\"og:image:type\" content=\"image\/png\" \/>\n<meta name=\"twitter:card\" content=\"summary_large_image\" \/>\n<script type=\"application\/ld+json\" class=\"yoast-schema-graph\">{\"@context\":\"https:\/\/schema.org\",\"@graph\":[{\"@type\":\"WebPage\",\"@id\":\"https:\/\/alture.io\/imprint\/\",\"url\":\"https:\/\/alture.io\/imprint\/\",\"name\":\"Imprint - Alture\",\"isPartOf\":{\"@id\":\"https:\/\/alture.io\/#website\"},\"datePublished\":\"2024-07-17T20:19:34+00:00\",\"dateModified\":\"2024-08-13T11:32:30+00:00\",\"breadcrumb\":{\"@id\":\"https:\/\/alture.io\/imprint\/#breadcrumb\"},\"inLanguage\":\"cs\",\"potentialAction\":[{\"@type\":\"ReadAction\",\"target\":[\"https:\/\/alture.io\/imprint\/\"]}]},{\"@type\":\"BreadcrumbList\",\"@id\":\"https:\/\/alture.io\/imprint\/#breadcrumb\",\"itemListElement\":[{\"@type\":\"ListItem\",\"position\":1,\"name\":\"Home\",\"item\":\"https:\/\/alture.io\/\"},{\"@type\":\"ListItem\",\"position\":2,\"name\":\"Imprint\"}]},{\"@type\":\"WebSite\",\"@id\":\"https:\/\/alture.io\/#website\",\"url\":\"https:\/\/alture.io\/\",\"name\":\"Alture\",\"description\":\"High on Innovation\",\"publisher\":{\"@id\":\"https:\/\/alture.io\/#organization\"},\"potentialAction\":[{\"@type\":\"SearchAction\",\"target\":{\"@type\":\"EntryPoint\",\"urlTemplate\":\"https:\/\/alture.io\/?s={search_term_string}\"},\"query-input\":{\"@type\":\"PropertyValueSpecification\",\"valueRequired\":true,\"valueName\":\"search_term_string\"}}],\"inLanguage\":\"cs\"},{\"@type\":\"Organization\",\"@id\":\"https:\/\/alture.io\/#organization\",\"name\":\"Alture s.r.o\",\"url\":\"https:\/\/alture.io\/\",\"logo\":{\"@type\":\"ImageObject\",\"inLanguage\":\"cs\",\"@id\":\"https:\/\/alture.io\/#\/schema\/logo\/image\/\",\"url\":\"https:\/\/alture.io\/wp-content\/uploads\/2024\/06\/logo_new.png\",\"contentUrl\":\"https:\/\/alture.io\/wp-content\/uploads\/2024\/06\/logo_new.png\",\"width\":652,\"height\":140,\"caption\":\"Alture s.r.o\"},\"image\":{\"@id\":\"https:\/\/alture.io\/#\/schema\/logo\/image\/\"},\"sameAs\":[\"https:\/\/www.instagram.com\/alture.io\"]}]}<\/script>\n<!-- \/ Yoast SEO plugin. -->","yoast_head_json":{"title":"Imprint - Alture","robots":{"index":"index","follow":"follow","max-snippet":"max-snippet:-1","max-image-preview":"max-image-preview:large","max-video-preview":"max-video-preview:-1"},"canonical":"https:\/\/alture.io\/cs\/imprint\/","og_locale":"cs_CZ","og_type":"article","og_title":"Imprint - Alture","og_description":"legal Imprint Alture s.r.o.H\u00e1lkova 1406\/2120 00 Praha 2\u010cesk\u00e1 republika Spole\u010dnost je zaps\u00e1na v obchodn\u00edm rejst\u0159\u00edku veden\u00e9mM\u011bstsk\u00fdm soudem v Praze pod spisovou zna\u010dkou C 389220. Mail: info@alture.io CEOPetra Schiller I\u010cO19614721 DI\u010cCZ19614721 Bankovn\u00ed spojen\u00ed | Bank detailsBank: \u010cSOBAccount number \/ \u010c\u00edslo \u00fa\u010dtu: 327582874 \/ 0300IBAN: CZ64 0300 0000 0003 2758 2874BIC\/SWIFT: CEKOCZPP Bank: Raiffeisen BankAccount number \/ [&hellip;]","og_url":"https:\/\/alture.io\/cs\/imprint\/","og_site_name":"Alture","article_modified_time":"2024-08-13T11:32:30+00:00","og_image":[{"width":1200,"height":800,"url":"https:\/\/alture.io\/wp-content\/uploads\/2024\/06\/pptx2.png","type":"image\/png"}],"twitter_card":"summary_large_image","schema":{"@context":"https:\/\/schema.org","@graph":[{"@type":"WebPage","@id":"https:\/\/alture.io\/imprint\/","url":"https:\/\/alture.io\/imprint\/","name":"Imprint - Alture","isPartOf":{"@id":"https:\/\/alture.io\/#website"},"datePublished":"2024-07-17T20:19:34+00:00","dateModified":"2024-08-13T11:32:30+00:00","breadcrumb":{"@id":"https:\/\/alture.io\/imprint\/#breadcrumb"},"inLanguage":"cs","potentialAction":[{"@type":"ReadAction","target":["https:\/\/alture.io\/imprint\/"]}]},{"@type":"BreadcrumbList","@id":"https:\/\/alture.io\/imprint\/#breadcrumb","itemListElement":[{"@type":"ListItem","position":1,"name":"Home","item":"https:\/\/alture.io\/"},{"@type":"ListItem","position":2,"name":"Imprint"}]},{"@type":"WebSite","@id":"https:\/\/alture.io\/#website","url":"https:\/\/alture.io\/","name":"Alture","description":"High on Innovation","publisher":{"@id":"https:\/\/alture.io\/#organization"},"potentialAction":[{"@type":"SearchAction","target":{"@type":"EntryPoint","urlTemplate":"https:\/\/alture.io\/?s={search_term_string}"},"query-input":{"@type":"PropertyValueSpecification","valueRequired":true,"valueName":"search_term_string"}}],"inLanguage":"cs"},{"@type":"Organization","@id":"https:\/\/alture.io\/#organization","name":"Alture s.r.o","url":"https:\/\/alture.io\/","logo":{"@type":"ImageObject","inLanguage":"cs","@id":"https:\/\/alture.io\/#\/schema\/logo\/image\/","url":"https:\/\/alture.io\/wp-content\/uploads\/2024\/06\/logo_new.png","contentUrl":"https:\/\/alture.io\/wp-content\/uploads\/2024\/06\/logo_new.png","width":652,"height":140,"caption":"Alture s.r.o"},"image":{"@id":"https:\/\/alture.io\/#\/schema\/logo\/image\/"},"sameAs":["https:\/\/www.instagram.com\/alture.io"]}]}},"_links":{"self":[{"href":"https:\/\/alture.io\/cs\/wp-json\/wp\/v2\/pages\/1478","targetHints":{"allow":["GET"]}}],"collection":[{"href":"https:\/\/alture.io\/cs\/wp-json\/wp\/v2\/pages"}],"about":[{"href":"https:\/\/alture.io\/cs\/wp-json\/wp\/v2\/types\/page"}],"author":[{"embeddable":true,"href":"https:\/\/alture.io\/cs\/wp-json\/wp\/v2\/users\/2"}],"replies":[{"embeddable":true,"href":"https:\/\/alture.io\/cs\/wp-json\/wp\/v2\/comments?post=1478"}],"version-history":[{"count":22,"href":"https:\/\/alture.io\/cs\/wp-json\/wp\/v2\/pages\/1478\/revisions"}],"predecessor-version":[{"id":3131,"href":"https:\/\/alture.io\/cs\/wp-json\/wp\/v2\/pages\/1478\/revisions\/3131"}],"wp:attachment":[{"href":"https:\/\/alture.io\/cs\/wp-json\/wp\/v2\/media?parent=1478"}],"curies":[{"name":"wp","href":"https:\/\/api.w.org\/{rel}","templated":true}]}}