{"id":1233,"date":"2024-07-09T12:43:01","date_gmt":"2024-07-09T10:43:01","guid":{"rendered":"https:\/\/alture.io\/?page_id=1233"},"modified":"2025-05-04T20:29:21","modified_gmt":"2025-05-04T18:29:21","slug":"get-in-touch","status":"publish","type":"page","link":"https:\/\/alture.io\/cs\/get-in-touch\/","title":{"rendered":"Kontakt"},"content":{"rendered":"<div data-elementor-type=\"wp-page\" data-elementor-id=\"1233\" class=\"elementor elementor-1233\" data-elementor-settings=\"{&quot;ha_cmc_init_switcher&quot;:&quot;no&quot;}\" data-elementor-post-type=\"page\">\n\t\t\t\t<div class=\"elementor-element elementor-element-433bc27 e-flex e-con-boxed e-con e-parent\" data-id=\"433bc27\" data-element_type=\"container\" data-settings=\"{&quot;background_background&quot;:&quot;classic&quot;,&quot;_ha_eqh_enable&quot;:false}\">\n\t\t\t\t\t<div class=\"e-con-inner\">\n\t\t<div class=\"elementor-element elementor-element-ccfa7c3 e-flex e-con-boxed e-con e-child\" data-id=\"ccfa7c3\" data-element_type=\"container\" data-settings=\"{&quot;_ha_eqh_enable&quot;:false}\">\n\t\t\t\t\t<div class=\"e-con-inner\">\n\t\t\t\t<div class=\"elementor-element elementor-element-0f893b1 elementor-widget elementor-widget-heading\" data-id=\"0f893b1\" data-element_type=\"widget\" data-widget_type=\"heading.default\">\n\t\t\t\t<div class=\"elementor-widget-container\">\n\t\t\t\t\t<h2 class=\"elementor-heading-title elementor-size-default\">Kontakt<\/h2>\t\t\t\t<\/div>\n\t\t\t\t<\/div>\n\t\t\t\t<div class=\"elementor-element elementor-element-4cd08d6 elementor-widget elementor-widget-heading\" data-id=\"4cd08d6\" data-element_type=\"widget\" data-widget_type=\"heading.default\">\n\t\t\t\t<div class=\"elementor-widget-container\">\n\t\t\t\t\t<h2 class=\"elementor-heading-title elementor-size-default\">Kontaktujte n\u00e1s<\/h2>\t\t\t\t<\/div>\n\t\t\t\t<\/div>\n\t\t\t\t<div class=\"elementor-element elementor-element-2af557b elementor-widget elementor-widget-text-editor\" data-id=\"2af557b\" data-element_type=\"widget\" data-widget_type=\"text-editor.default\">\n\t\t\t\t<div class=\"elementor-widget-container\">\n\t\t\t\t\t\t\t\t\t<p>N\u00e1\u0161 t\u00fdm je zde, aby v\u00e1m pomohl s jak\u00fdmikoli dotazy nebo pot\u0159ebnou podporou.<\/p><p>Kontaktujte n\u00e1s a zajist\u00edme, \u017ee obdr\u017e\u00edte rychl\u00e1 a efektivn\u00ed \u0159e\u0161en\u00ed, kter\u00e1 pomohou va\u0161emu podnik\u00e1n\u00ed r\u016fst.<\/p>\t\t\t\t\t\t\t\t<\/div>\n\t\t\t\t<\/div>\n\t\t\t\t\t<\/div>\n\t\t\t\t<\/div>\n\t\t\t\t\t<\/div>\n\t\t\t\t<\/div>\n\t\t<div class=\"elementor-element elementor-element-d0f452f e-flex e-con-boxed e-con e-parent\" data-id=\"d0f452f\" data-element_type=\"container\" data-settings=\"{&quot;_ha_eqh_enable&quot;:false}\">\n\t\t\t\t\t<div class=\"e-con-inner\">\n\t\t<div class=\"elementor-element elementor-element-343c3e2 e-con-full e-grid e-con e-child\" data-id=\"343c3e2\" data-element_type=\"container\" data-settings=\"{&quot;_ha_eqh_enable&quot;:false}\">\n\t\t<div class=\"elementor-element elementor-element-53ec417 e-con-full e-flex e-con e-child\" data-id=\"53ec417\" data-element_type=\"container\" data-settings=\"{&quot;background_background&quot;:&quot;classic&quot;,&quot;_ha_eqh_enable&quot;:false}\">\n\t\t\t\t<div class=\"elementor-element elementor-element-3223ea0 elementor-widget elementor-widget-heading\" data-id=\"3223ea0\" data-element_type=\"widget\" data-widget_type=\"heading.default\">\n\t\t\t\t<div class=\"elementor-widget-container\">\n\t\t\t\t\t<h2 class=\"elementor-heading-title elementor-size-default\">Spojte se s n\u00e1mi<\/h2>\t\t\t\t<\/div>\n\t\t\t\t<\/div>\n\t\t\t\t<div class=\"elementor-element elementor-element-0d5a039 elementor-button-align-start elementor-widget elementor-widget-form\" data-id=\"0d5a039\" data-element_type=\"widget\" data-settings=\"{&quot;step_next_label&quot;:&quot;Next&quot;,&quot;step_previous_label&quot;:&quot;Previous&quot;,&quot;step_type&quot;:&quot;number_text&quot;,&quot;step_icon_shape&quot;:&quot;circle&quot;}\" data-widget_type=\"form.default\">\n\t\t\t\t<div class=\"elementor-widget-container\">\n\t\t\t\t\t\t\t<form class=\"elementor-form\" method=\"post\" name=\"Contact Form\" action=\"\">\n\t\t\t<input type=\"hidden\" name=\"post_id\" value=\"1233\"\/>\n\t\t\t<input type=\"hidden\" name=\"form_id\" value=\"0d5a039\"\/>\n\t\t\t<input type=\"hidden\" name=\"referer_title\" value=\"Alture\" \/>\n\n\t\t\t\n\t\t\t<div class=\"elementor-form-fields-wrapper elementor-labels-above\">\n\t\t\t\t\t\t\t\t<div class=\"elementor-field-type-text elementor-field-group elementor-column elementor-field-group-name elementor-col-100 elementor-field-required elementor-mark-required\">\n\t\t\t\t\t\t\t\t\t\t\t\t<label for=\"form-field-name\" class=\"elementor-field-label\">\n\t\t\t\t\t\t\t\tJm\u00e9no\t\t\t\t\t\t\t<\/label>\n\t\t\t\t\t\t\t\t\t\t\t\t\t\t<input size=\"1\" type=\"text\" name=\"form_fields[name]\" id=\"form-field-name\" class=\"elementor-field elementor-size-sm  elementor-field-textual\" placeholder=\"Jan Om\u00e1\u010dka\" required=\"required\">\n\t\t\t\t\t\t\t\t\t\t\t<\/div>\n\t\t\t\t\t\t\t\t<div class=\"elementor-field-type-text elementor-field-group elementor-column elementor-field-group-field_23492e1 elementor-col-100\">\n\t\t\t\t\t\t\t\t\t\t\t\t<label for=\"form-field-field_23492e1\" class=\"elementor-field-label\">\n\t\t\t\t\t\t\t\tFirma\t\t\t\t\t\t\t<\/label>\n\t\t\t\t\t\t\t\t\t\t\t\t\t\t<input size=\"1\" type=\"text\" name=\"form_fields[field_23492e1]\" id=\"form-field-field_23492e1\" class=\"elementor-field elementor-size-sm  elementor-field-textual\" placeholder=\"Jan Om\u00e1\u010dka s.r.o\">\n\t\t\t\t\t\t\t\t\t\t\t<\/div>\n\t\t\t\t\t\t\t\t<div class=\"elementor-field-type-email elementor-field-group elementor-column elementor-field-group-email elementor-col-100 elementor-field-required elementor-mark-required\">\n\t\t\t\t\t\t\t\t\t\t\t\t<label for=\"form-field-email\" class=\"elementor-field-label\">\n\t\t\t\t\t\t\t\tEmail\t\t\t\t\t\t\t<\/label>\n\t\t\t\t\t\t\t\t\t\t\t\t\t\t<input size=\"1\" type=\"email\" name=\"form_fields[email]\" id=\"form-field-email\" class=\"elementor-field elementor-size-sm  elementor-field-textual\" placeholder=\"info@janomacka.com\" required=\"required\">\n\t\t\t\t\t\t\t\t\t\t\t<\/div>\n\t\t\t\t\t\t\t\t<div class=\"elementor-field-type-tel elementor-field-group elementor-column elementor-field-group-field_4a29333 elementor-col-100\">\n\t\t\t\t\t\t\t\t\t\t\t\t<label for=\"form-field-field_4a29333\" class=\"elementor-field-label\">\n\t\t\t\t\t\t\t\tTelefonn\u00ed \u010d\u00edslo\t\t\t\t\t\t\t<\/label>\n\t\t\t\t\t\t\t\t<input size=\"1\" type=\"tel\" name=\"form_fields[field_4a29333]\" id=\"form-field-field_4a29333\" class=\"elementor-field elementor-size-sm  elementor-field-textual\" placeholder=\"+420 123 456 789\" pattern=\"[0-9()#&amp;+*-=.]+\" title=\"Only numbers and phone characters (#, -, *, etc) are accepted.\">\n\n\t\t\t\t\t\t<\/div>\n\t\t\t\t\t\t\t\t<div class=\"elementor-field-type-text elementor-field-group elementor-column elementor-field-group-field_9f00bbe elementor-col-100 elementor-field-required elementor-mark-required\">\n\t\t\t\t\t\t\t\t\t\t\t\t<label for=\"form-field-field_9f00bbe\" class=\"elementor-field-label\">\n\t\t\t\t\t\t\t\tP\u0159edm\u011bt\t\t\t\t\t\t\t<\/label>\n\t\t\t\t\t\t\t\t\t\t\t\t\t\t<input size=\"1\" type=\"text\" name=\"form_fields[field_9f00bbe]\" id=\"form-field-field_9f00bbe\" class=\"elementor-field elementor-size-sm  elementor-field-textual\" placeholder=\"Pro\u010d n\u00e1m p\u00ed\u0161ete\" required=\"required\">\n\t\t\t\t\t\t\t\t\t\t\t<\/div>\n\t\t\t\t\t\t\t\t<div class=\"elementor-field-type-textarea elementor-field-group elementor-column elementor-field-group-message elementor-col-100 elementor-field-required elementor-mark-required\">\n\t\t\t\t\t\t\t\t\t\t\t\t<label for=\"form-field-message\" class=\"elementor-field-label\">\n\t\t\t\t\t\t\t\tZpr\u00e1va\t\t\t\t\t\t\t<\/label>\n\t\t\t\t\t\t<textarea class=\"elementor-field-textual elementor-field  elementor-size-sm\" name=\"form_fields[message]\" id=\"form-field-message\" rows=\"4\" placeholder=\"Pros\u00edm, podrobn\u011b popi\u0161te, o co se jedn\u00e1 a jak v\u00e1m m\u016f\u017eeme pomoci.\" required=\"required\"><\/textarea>\t\t\t\t<\/div>\n\t\t\t\t\t\t\t\t<div class=\"elementor-field-type-text\">\n\t\t\t\t\t<input size=\"1\" type=\"text\" name=\"form_fields[field_8bc6f27]\" id=\"form-field-field_8bc6f27\" class=\"elementor-field elementor-size-sm\" style=\"display:none !important;\">\t\t\t\t<\/div>\n\t\t\t\t\t\t\t\t<div class=\"elementor-field-group elementor-column elementor-field-type-submit elementor-col-100 e-form__buttons\">\n\t\t\t\t\t<button class=\"elementor-button elementor-size-md\" type=\"submit\">\n\t\t\t\t\t\t<span class=\"elementor-button-content-wrapper\">\n\t\t\t\t\t\t\t\t\t\t\t\t\t\t\t<span class=\"elementor-button-icon\">\n\t\t\t\t\t\t\t\t\t<svg aria-hidden=\"true\" class=\"e-font-icon-svg e-fas-chevron-right\" viewbox=\"0 0 320 512\" xmlns=\"http:\/\/www.w3.org\/2000\/svg\"><path d=\"M285.476 272.971L91.132 467.314c-9.373 9.373-24.569 9.373-33.941 0l-22.667-22.667c-9.357-9.357-9.375-24.522-.04-33.901L188.505 256 34.484 101.255c-9.335-9.379-9.317-24.544.04-33.901l22.667-22.667c9.373-9.373 24.569-9.373 33.941 0L285.475 239.03c9.373 9.372 9.373 24.568.001 33.941z\"><\/path><\/svg>\t\t\t\t\t\t\t\t\t\t\t\t\t\t\t\t\t<\/span>\n\t\t\t\t\t\t\t\t\t\t\t\t\t\t\t\t\t\t\t\t\t\t<span class=\"elementor-button-text\">Odeslat<\/span>\n\t\t\t\t\t\t\t\t\t\t\t\t\t<\/span>\n\t\t\t\t\t<\/button>\n\t\t\t\t<\/div>\n\t\t\t<\/div>\n\t\t<input type=\"hidden\" name=\"trp-form-language\" value=\"cs\"\/><\/form>\n\t\t\t\t\t\t<\/div>\n\t\t\t\t<\/div>\n\t\t\t\t<\/div>\n\t\t<div class=\"elementor-element elementor-element-efa3dca e-con-full e-flex e-con e-child\" data-id=\"efa3dca\" data-element_type=\"container\" data-settings=\"{&quot;background_background&quot;:&quot;classic&quot;,&quot;_ha_eqh_enable&quot;:false}\">\n\t\t\t\t<div class=\"elementor-element elementor-element-50d99d9 elementor-widget elementor-widget-heading\" data-id=\"50d99d9\" data-element_type=\"widget\" data-widget_type=\"heading.default\">\n\t\t\t\t<div class=\"elementor-widget-container\">\n\t\t\t\t\t<h2 class=\"elementor-heading-title elementor-size-default\">Na\u0161e s\u00eddlo<\/h2>\t\t\t\t<\/div>\n\t\t\t\t<\/div>\n\t\t<div class=\"elementor-element elementor-element-652f677 e-con-full e-flex e-con e-child\" data-id=\"652f677\" data-element_type=\"container\" data-settings=\"{&quot;_ha_eqh_enable&quot;:false}\">\n\t\t\t\t<div class=\"elementor-element elementor-element-b759a33 elementor-widget__width-initial elementor-widget-mobile__width-inherit elementor-widget elementor-widget-text-editor\" data-id=\"b759a33\" data-element_type=\"widget\" data-widget_type=\"text-editor.default\">\n\t\t\t\t<div class=\"elementor-widget-container\">\n\t\t\t\t\t\t\t\t\t<p>H\u00e1lkova 1406\/2<br \/>120 00 Prague 2<br \/>Czech Republic<\/p>\t\t\t\t\t\t\t\t<\/div>\n\t\t\t\t<\/div>\n\t\t\t\t<\/div>\n\t\t\t\t<\/div>\n\t\t<div class=\"elementor-element elementor-element-e86567e e-con-full e-flex e-con e-child\" data-id=\"e86567e\" data-element_type=\"container\" data-settings=\"{&quot;_ha_eqh_enable&quot;:false}\">\n\t\t\t\t<div class=\"elementor-element elementor-element-b138432 elementor-widget elementor-widget-google_maps\" data-id=\"b138432\" data-element_type=\"widget\" data-widget_type=\"google_maps.default\">\n\t\t\t\t<div class=\"elementor-widget-container\">\n\t\t\t\t\t\t\t<div class=\"elementor-custom-embed\">\n\t\t\t<iframe loading=\"lazy\"\n\t\t\t\t\tsrc=\"https:\/\/maps.google.com\/maps?q=Halkova%202%2C%20120%2000%20Praha&#038;t=m&#038;z=16&#038;output=embed&#038;iwloc=near\"\n\t\t\t\t\ttitle=\"Halkova 2, 120 00 Praha\"\n\t\t\t\t\taria-label=\"Halkova 2, 120 00 Praha\"\n\t\t\t><\/iframe>\n\t\t<\/div>\n\t\t\t\t\t\t<\/div>\n\t\t\t\t<\/div>\n\t\t\t\t<\/div>\n\t\t\t\t<\/div>\n\t\t\t\t\t<\/div>\n\t\t\t\t<\/div>\n\t\t\t\t<\/div>","protected":false},"excerpt":{"rendered":"<p>Get in touch Contact us Our team is here to assist you with any inquiries or support you need. Reach out to us, and we&#8217;ll ensure you receive prompt and effective solutions to help your business thrive. Chat with us Our Headquarter H\u00e1lkova 1406\/2120 00 Prague 2Czech Republic<\/p>","protected":false},"author":2,"featured_media":0,"parent":0,"menu_order":0,"comment_status":"closed","ping_status":"closed","template":"","meta":{"_acf_changed":false,"footnotes":""},"class_list":["post-1233","page","type-page","status-publish","hentry"],"acf":[],"yoast_head":"<!-- This site is optimized with the Yoast SEO plugin v24.9 - https:\/\/yoast.com\/wordpress\/plugins\/seo\/ -->\n<title>Get in touch - Alture<\/title>\n<meta name=\"robots\" content=\"index, follow, max-snippet:-1, max-image-preview:large, max-video-preview:-1\" \/>\n<link rel=\"canonical\" href=\"https:\/\/alture.io\/cs\/get-in-touch\/\" \/>\n<meta property=\"og:locale\" content=\"cs_CZ\" \/>\n<meta property=\"og:type\" content=\"article\" \/>\n<meta property=\"og:title\" content=\"Get in touch - Alture\" \/>\n<meta property=\"og:description\" content=\"Get in touch Contact us Our team is here to assist you with any inquiries or support you need. Reach out to us, and we&#8217;ll ensure you receive prompt and effective solutions to help your business thrive. Chat with us Our Headquarter H\u00e1lkova 1406\/2120 00 Prague 2Czech Republic\" \/>\n<meta property=\"og:url\" content=\"https:\/\/alture.io\/cs\/get-in-touch\/\" \/>\n<meta property=\"og:site_name\" content=\"Alture\" \/>\n<meta property=\"article:modified_time\" content=\"2025-05-04T18:29:21+00:00\" \/>\n<meta property=\"og:image\" content=\"https:\/\/alture.io\/wp-content\/uploads\/2024\/06\/pptx2.png\" \/>\n\t<meta property=\"og:image:width\" content=\"1200\" \/>\n\t<meta property=\"og:image:height\" content=\"800\" \/>\n\t<meta property=\"og:image:type\" content=\"image\/png\" \/>\n<meta name=\"twitter:card\" content=\"summary_large_image\" \/>\n<meta name=\"twitter:label1\" content=\"Odhadovan\u00e1 doba \u010dten\u00ed\" \/>\n\t<meta name=\"twitter:data1\" content=\"1 minuta\" \/>\n<script type=\"application\/ld+json\" class=\"yoast-schema-graph\">{\"@context\":\"https:\/\/schema.org\",\"@graph\":[{\"@type\":\"WebPage\",\"@id\":\"https:\/\/alture.io\/get-in-touch\/\",\"url\":\"https:\/\/alture.io\/get-in-touch\/\",\"name\":\"Get in touch - Alture\",\"isPartOf\":{\"@id\":\"https:\/\/alture.io\/#website\"},\"datePublished\":\"2024-07-09T10:43:01+00:00\",\"dateModified\":\"2025-05-04T18:29:21+00:00\",\"breadcrumb\":{\"@id\":\"https:\/\/alture.io\/get-in-touch\/#breadcrumb\"},\"inLanguage\":\"cs\",\"potentialAction\":[{\"@type\":\"ReadAction\",\"target\":[\"https:\/\/alture.io\/get-in-touch\/\"]}]},{\"@type\":\"BreadcrumbList\",\"@id\":\"https:\/\/alture.io\/get-in-touch\/#breadcrumb\",\"itemListElement\":[{\"@type\":\"ListItem\",\"position\":1,\"name\":\"Home\",\"item\":\"https:\/\/alture.io\/\"},{\"@type\":\"ListItem\",\"position\":2,\"name\":\"Get in touch\"}]},{\"@type\":\"WebSite\",\"@id\":\"https:\/\/alture.io\/#website\",\"url\":\"https:\/\/alture.io\/\",\"name\":\"Alture\",\"description\":\"High on Innovation\",\"publisher\":{\"@id\":\"https:\/\/alture.io\/#organization\"},\"potentialAction\":[{\"@type\":\"SearchAction\",\"target\":{\"@type\":\"EntryPoint\",\"urlTemplate\":\"https:\/\/alture.io\/?s={search_term_string}\"},\"query-input\":{\"@type\":\"PropertyValueSpecification\",\"valueRequired\":true,\"valueName\":\"search_term_string\"}}],\"inLanguage\":\"cs\"},{\"@type\":\"Organization\",\"@id\":\"https:\/\/alture.io\/#organization\",\"name\":\"Alture s.r.o\",\"url\":\"https:\/\/alture.io\/\",\"logo\":{\"@type\":\"ImageObject\",\"inLanguage\":\"cs\",\"@id\":\"https:\/\/alture.io\/#\/schema\/logo\/image\/\",\"url\":\"https:\/\/alture.io\/wp-content\/uploads\/2024\/06\/logo_new.png\",\"contentUrl\":\"https:\/\/alture.io\/wp-content\/uploads\/2024\/06\/logo_new.png\",\"width\":652,\"height\":140,\"caption\":\"Alture s.r.o\"},\"image\":{\"@id\":\"https:\/\/alture.io\/#\/schema\/logo\/image\/\"},\"sameAs\":[\"https:\/\/www.instagram.com\/alture.io\"]}]}<\/script>\n<!-- \/ Yoast SEO plugin. -->","yoast_head_json":{"title":"Get in touch - Alture","robots":{"index":"index","follow":"follow","max-snippet":"max-snippet:-1","max-image-preview":"max-image-preview:large","max-video-preview":"max-video-preview:-1"},"canonical":"https:\/\/alture.io\/cs\/get-in-touch\/","og_locale":"cs_CZ","og_type":"article","og_title":"Get in touch - Alture","og_description":"Get in touch Contact us Our team is here to assist you with any inquiries or support you need. Reach out to us, and we&#8217;ll ensure you receive prompt and effective solutions to help your business thrive. Chat with us Our Headquarter H\u00e1lkova 1406\/2120 00 Prague 2Czech Republic","og_url":"https:\/\/alture.io\/cs\/get-in-touch\/","og_site_name":"Alture","article_modified_time":"2025-05-04T18:29:21+00:00","og_image":[{"width":1200,"height":800,"url":"https:\/\/alture.io\/wp-content\/uploads\/2024\/06\/pptx2.png","type":"image\/png"}],"twitter_card":"summary_large_image","twitter_misc":{"Odhadovan\u00e1 doba \u010dten\u00ed":"1 minuta"},"schema":{"@context":"https:\/\/schema.org","@graph":[{"@type":"WebPage","@id":"https:\/\/alture.io\/get-in-touch\/","url":"https:\/\/alture.io\/get-in-touch\/","name":"Get in touch - Alture","isPartOf":{"@id":"https:\/\/alture.io\/#website"},"datePublished":"2024-07-09T10:43:01+00:00","dateModified":"2025-05-04T18:29:21+00:00","breadcrumb":{"@id":"https:\/\/alture.io\/get-in-touch\/#breadcrumb"},"inLanguage":"cs","potentialAction":[{"@type":"ReadAction","target":["https:\/\/alture.io\/get-in-touch\/"]}]},{"@type":"BreadcrumbList","@id":"https:\/\/alture.io\/get-in-touch\/#breadcrumb","itemListElement":[{"@type":"ListItem","position":1,"name":"Home","item":"https:\/\/alture.io\/"},{"@type":"ListItem","position":2,"name":"Get in touch"}]},{"@type":"WebSite","@id":"https:\/\/alture.io\/#website","url":"https:\/\/alture.io\/","name":"Alture","description":"High on Innovation","publisher":{"@id":"https:\/\/alture.io\/#organization"},"potentialAction":[{"@type":"SearchAction","target":{"@type":"EntryPoint","urlTemplate":"https:\/\/alture.io\/?s={search_term_string}"},"query-input":{"@type":"PropertyValueSpecification","valueRequired":true,"valueName":"search_term_string"}}],"inLanguage":"cs"},{"@type":"Organization","@id":"https:\/\/alture.io\/#organization","name":"Alture s.r.o","url":"https:\/\/alture.io\/","logo":{"@type":"ImageObject","inLanguage":"cs","@id":"https:\/\/alture.io\/#\/schema\/logo\/image\/","url":"https:\/\/alture.io\/wp-content\/uploads\/2024\/06\/logo_new.png","contentUrl":"https:\/\/alture.io\/wp-content\/uploads\/2024\/06\/logo_new.png","width":652,"height":140,"caption":"Alture s.r.o"},"image":{"@id":"https:\/\/alture.io\/#\/schema\/logo\/image\/"},"sameAs":["https:\/\/www.instagram.com\/alture.io"]}]}},"_links":{"self":[{"href":"https:\/\/alture.io\/cs\/wp-json\/wp\/v2\/pages\/1233","targetHints":{"allow":["GET"]}}],"collection":[{"href":"https:\/\/alture.io\/cs\/wp-json\/wp\/v2\/pages"}],"about":[{"href":"https:\/\/alture.io\/cs\/wp-json\/wp\/v2\/types\/page"}],"author":[{"embeddable":true,"href":"https:\/\/alture.io\/cs\/wp-json\/wp\/v2\/users\/2"}],"replies":[{"embeddable":true,"href":"https:\/\/alture.io\/cs\/wp-json\/wp\/v2\/comments?post=1233"}],"version-history":[{"count":101,"href":"https:\/\/alture.io\/cs\/wp-json\/wp\/v2\/pages\/1233\/revisions"}],"predecessor-version":[{"id":4972,"href":"https:\/\/alture.io\/cs\/wp-json\/wp\/v2\/pages\/1233\/revisions\/4972"}],"wp:attachment":[{"href":"https:\/\/alture.io\/cs\/wp-json\/wp\/v2\/media?parent=1233"}],"curies":[{"name":"wp","href":"https:\/\/api.w.org\/{rel}","templated":true}]}}